{"id":515,"date":"2021-11-09T15:07:46","date_gmt":"2021-11-09T20:07:46","guid":{"rendered":"https:\/\/dev.luxwoodtrim.com\/?page_id=515"},"modified":"2022-04-12T10:53:23","modified_gmt":"2022-04-12T14:53:23","slug":"a-propos","status":"publish","type":"page","link":"https:\/\/luxwoodtrim.com\/fr\/a-propos\/","title":{"rendered":"\u00c0 propos"},"content":{"rendered":"<p>\u00c0 propos de Luxwood<\/p>\n<p>Bas\u00e9 \u00e0 Montr\u00e9al, exportant aux quatre coins du monde, Luxwood est reconnu comme chef de file dans l\u2019industrie des accessoires automobiles depuis bient\u00f4t 25 ans. Nos produits sont reconnus pour leur look et leur qualit\u00e9 hors pair, gr\u00e2ce \u00e0 nos designers exp\u00e9riment\u00e9s, \u00e0 notre proc\u00e9d\u00e9 unique et pr\u00e9cis ainsi qu\u2019\u00e0 nos mat\u00e9riaux de premi\u00e8re qualit\u00e9.<\/p>\n<p>Luxwood est \u00e9galement un partenaire officiel de certains des plus grands constructeurs automobiles (OEM), travaillant c\u00f4te \u00e0 c\u00f4te pour prot\u00e9ger les v\u00e9hicules neufs avec style.<\/p>\n<p><iframe style=\"display: none;\"><\/iframe><\/p>\n","protected":false},"excerpt":{"rendered":"<p>\u00c0 propos de Luxwood Bas\u00e9 \u00e0 Montr\u00e9al, exportant aux quatre coins du monde, Luxwood est reconnu comme chef de file [&hellip;]<\/p>\n","protected":false},"author":1,"featured_media":0,"parent":0,"menu_order":0,"comment_status":"closed","ping_status":"closed","template":"","meta":{"_acf_changed":false,"_seopress_robots_primary_cat":"","_seopress_titles_title":"","_seopress_titles_desc":"Exportant dans le monde entier, Luxwood est un leader dans le secteur des accessoires automobiles depuis 1997, travaillant ensemble pour prot\u00e9ger les v\u00e9hicules avec style.","_seopress_robots_index":"","_monsterinsights_skip_tracking":false,"_monsterinsights_sitenote_active":false,"_monsterinsights_sitenote_note":"","_monsterinsights_sitenote_category":0,"footnotes":""},"class_list":["post-515","page","type-page","status-publish","hentry"],"acf":[],"_links":{"self":[{"href":"https:\/\/luxwoodtrim.com\/fr\/wp-json\/wp\/v2\/pages\/515","targetHints":{"allow":["GET"]}}],"collection":[{"href":"https:\/\/luxwoodtrim.com\/fr\/wp-json\/wp\/v2\/pages"}],"about":[{"href":"https:\/\/luxwoodtrim.com\/fr\/wp-json\/wp\/v2\/types\/page"}],"author":[{"embeddable":true,"href":"https:\/\/luxwoodtrim.com\/fr\/wp-json\/wp\/v2\/users\/1"}],"replies":[{"embeddable":true,"href":"https:\/\/luxwoodtrim.com\/fr\/wp-json\/wp\/v2\/comments?post=515"}],"version-history":[{"count":5,"href":"https:\/\/luxwoodtrim.com\/fr\/wp-json\/wp\/v2\/pages\/515\/revisions"}],"predecessor-version":[{"id":961,"href":"https:\/\/luxwoodtrim.com\/fr\/wp-json\/wp\/v2\/pages\/515\/revisions\/961"}],"wp:attachment":[{"href":"https:\/\/luxwoodtrim.com\/fr\/wp-json\/wp\/v2\/media?parent=515"}],"curies":[{"name":"wp","href":"https:\/\/api.w.org\/{rel}","templated":true}]}}