{"id":599,"date":"2021-02-06T00:07:02","date_gmt":"2021-02-06T05:07:02","guid":{"rendered":"https:\/\/dev.luxwoodtrim.com\/contact\/"},"modified":"2022-04-12T11:15:49","modified_gmt":"2022-04-12T15:15:49","slug":"contact","status":"publish","type":"page","link":"https:\/\/luxwoodtrim.com\/fr\/contact\/","title":{"rendered":"Contact"},"content":{"rendered":"<p>&nbsp;<\/p>\n<p><iframe style=\"display: none;\"><\/iframe><\/p>\n","protected":false},"excerpt":{"rendered":"<p>&nbsp;<\/p>\n","protected":false},"author":1,"featured_media":318,"parent":0,"menu_order":0,"comment_status":"closed","ping_status":"closed","template":"","meta":{"_acf_changed":false,"_seopress_robots_primary_cat":"","_seopress_titles_title":"","_seopress_titles_desc":"Avez-vous des questions ou des commentaires? Vous voulez partager votre exp\u00e9rience avec nous? Contactez-nous par t\u00e9l\u00e9phone ou courriel.","_seopress_robots_index":"","_monsterinsights_skip_tracking":false,"_monsterinsights_sitenote_active":false,"_monsterinsights_sitenote_note":"","_monsterinsights_sitenote_category":0,"footnotes":""},"class_list":["post-599","page","type-page","status-publish","has-post-thumbnail","hentry"],"acf":[],"_links":{"self":[{"href":"https:\/\/luxwoodtrim.com\/fr\/wp-json\/wp\/v2\/pages\/599","targetHints":{"allow":["GET"]}}],"collection":[{"href":"https:\/\/luxwoodtrim.com\/fr\/wp-json\/wp\/v2\/pages"}],"about":[{"href":"https:\/\/luxwoodtrim.com\/fr\/wp-json\/wp\/v2\/types\/page"}],"author":[{"embeddable":true,"href":"https:\/\/luxwoodtrim.com\/fr\/wp-json\/wp\/v2\/users\/1"}],"replies":[{"embeddable":true,"href":"https:\/\/luxwoodtrim.com\/fr\/wp-json\/wp\/v2\/comments?post=599"}],"version-history":[{"count":3,"href":"https:\/\/luxwoodtrim.com\/fr\/wp-json\/wp\/v2\/pages\/599\/revisions"}],"predecessor-version":[{"id":976,"href":"https:\/\/luxwoodtrim.com\/fr\/wp-json\/wp\/v2\/pages\/599\/revisions\/976"}],"wp:featuredmedia":[{"embeddable":true,"href":"https:\/\/luxwoodtrim.com\/fr\/wp-json\/wp\/v2\/media\/318"}],"wp:attachment":[{"href":"https:\/\/luxwoodtrim.com\/fr\/wp-json\/wp\/v2\/media?parent=599"}],"curies":[{"name":"wp","href":"https:\/\/api.w.org\/{rel}","templated":true}]}}