{"id":612,"date":"2021-02-25T15:49:53","date_gmt":"2021-02-25T20:49:53","guid":{"rendered":"https:\/\/dev.luxwoodtrim.com\/distributors\/"},"modified":"2022-04-12T11:16:35","modified_gmt":"2022-04-12T15:16:35","slug":"distributeurs","status":"publish","type":"page","link":"https:\/\/luxwoodtrim.com\/fr\/distributeurs\/","title":{"rendered":"Distributeurs"},"content":{"rendered":"<p>Nous sommes toujours \u00e0 la recherche de distributeurs dans le monde entier qui partagent notre vision et notre direction.<\/p>\n<p>Seriez-vous int\u00e9ress\u00e9s \u00e0 devenir un de nos partenaires? Remplissez le formulaire ci-dessous et nous vous contacterons.<\/p>\n<p><iframe style=\"display: none;\"><\/iframe><\/p>\n","protected":false},"excerpt":{"rendered":"<p>Nous sommes toujours \u00e0 la recherche de distributeurs dans le monde entier qui partagent notre vision et notre direction. Seriez-vous [&hellip;]<\/p>\n","protected":false},"author":1,"featured_media":0,"parent":0,"menu_order":0,"comment_status":"closed","ping_status":"closed","template":"","meta":{"_acf_changed":false,"_seopress_robots_primary_cat":"","_seopress_titles_title":"","_seopress_titles_desc":"Nous sommes toujours \u00e0 la recherche de distributeurs qui partagent notre vision et notre direction. Seriez-vous int\u00e9ress\u00e9s \u00e0 devenir un de nos partenaires? Remplissez ce formulaire.","_seopress_robots_index":"","_monsterinsights_skip_tracking":false,"_monsterinsights_sitenote_active":false,"_monsterinsights_sitenote_note":"","_monsterinsights_sitenote_category":0,"footnotes":""},"class_list":["post-612","page","type-page","status-publish","hentry"],"acf":[],"_links":{"self":[{"href":"https:\/\/luxwoodtrim.com\/fr\/wp-json\/wp\/v2\/pages\/612","targetHints":{"allow":["GET"]}}],"collection":[{"href":"https:\/\/luxwoodtrim.com\/fr\/wp-json\/wp\/v2\/pages"}],"about":[{"href":"https:\/\/luxwoodtrim.com\/fr\/wp-json\/wp\/v2\/types\/page"}],"author":[{"embeddable":true,"href":"https:\/\/luxwoodtrim.com\/fr\/wp-json\/wp\/v2\/users\/1"}],"replies":[{"embeddable":true,"href":"https:\/\/luxwoodtrim.com\/fr\/wp-json\/wp\/v2\/comments?post=612"}],"version-history":[{"count":4,"href":"https:\/\/luxwoodtrim.com\/fr\/wp-json\/wp\/v2\/pages\/612\/revisions"}],"predecessor-version":[{"id":978,"href":"https:\/\/luxwoodtrim.com\/fr\/wp-json\/wp\/v2\/pages\/612\/revisions\/978"}],"wp:attachment":[{"href":"https:\/\/luxwoodtrim.com\/fr\/wp-json\/wp\/v2\/media?parent=612"}],"curies":[{"name":"wp","href":"https:\/\/api.w.org\/{rel}","templated":true}]}}