{"id":644,"date":"2021-04-08T22:55:15","date_gmt":"2021-04-09T02:55:15","guid":{"rendered":"https:\/\/dev.luxwoodtrim.com\/interior-kits\/"},"modified":"2022-04-12T10:54:32","modified_gmt":"2022-04-12T14:54:32","slug":"kits-interieurs","status":"publish","type":"page","link":"https:\/\/luxwoodtrim.com\/fr\/kits-interieurs\/","title":{"rendered":"Kits int\u00e9rieurs"},"content":{"rendered":"<p>&nbsp;<\/p>\n<p><iframe style=\"display: none;\"><\/iframe><\/p>\n","protected":false},"excerpt":{"rendered":"<p>&nbsp;<\/p>\n","protected":false},"author":1,"featured_media":0,"parent":0,"menu_order":0,"comment_status":"closed","ping_status":"closed","template":"","meta":{"_acf_changed":false,"_seopress_robots_primary_cat":"","_seopress_titles_title":"","_seopress_titles_desc":"Fabriqu\u00e9s avec des mat\u00e9riaux de premi\u00e8re qualit\u00e9 et d\u00e9coup\u00e9s avec la plus grande pr\u00e9cision, nos ensembles d\u2019int\u00e9rieur sont con\u00e7us avec un r\u00e9el souci du d\u00e9tail.","_seopress_robots_index":"","_monsterinsights_skip_tracking":false,"_monsterinsights_sitenote_active":false,"_monsterinsights_sitenote_note":"","_monsterinsights_sitenote_category":0,"footnotes":""},"class_list":["post-644","page","type-page","status-publish","hentry"],"acf":[],"_links":{"self":[{"href":"https:\/\/luxwoodtrim.com\/fr\/wp-json\/wp\/v2\/pages\/644","targetHints":{"allow":["GET"]}}],"collection":[{"href":"https:\/\/luxwoodtrim.com\/fr\/wp-json\/wp\/v2\/pages"}],"about":[{"href":"https:\/\/luxwoodtrim.com\/fr\/wp-json\/wp\/v2\/types\/page"}],"author":[{"embeddable":true,"href":"https:\/\/luxwoodtrim.com\/fr\/wp-json\/wp\/v2\/users\/1"}],"replies":[{"embeddable":true,"href":"https:\/\/luxwoodtrim.com\/fr\/wp-json\/wp\/v2\/comments?post=644"}],"version-history":[{"count":4,"href":"https:\/\/luxwoodtrim.com\/fr\/wp-json\/wp\/v2\/pages\/644\/revisions"}],"predecessor-version":[{"id":963,"href":"https:\/\/luxwoodtrim.com\/fr\/wp-json\/wp\/v2\/pages\/644\/revisions\/963"}],"wp:attachment":[{"href":"https:\/\/luxwoodtrim.com\/fr\/wp-json\/wp\/v2\/media?parent=644"}],"curies":[{"name":"wp","href":"https:\/\/api.w.org\/{rel}","templated":true}]}}