{"id":660,"date":"2021-04-08T22:55:44","date_gmt":"2021-04-09T02:55:44","guid":{"rendered":"https:\/\/dev.luxwoodtrim.com\/side-mouldings\/"},"modified":"2022-04-12T11:00:28","modified_gmt":"2022-04-12T15:00:28","slug":"moulures","status":"publish","type":"page","link":"https:\/\/luxwoodtrim.com\/fr\/moulures\/","title":{"rendered":"Moulures"},"content":{"rendered":"<p>&nbsp;<\/p>\n<p><iframe style=\"display: none;\"><\/iframe><\/p>\n","protected":false},"excerpt":{"rendered":"<p>&nbsp;<\/p>\n","protected":false},"author":1,"featured_media":0,"parent":0,"menu_order":0,"comment_status":"closed","ping_status":"closed","template":"","meta":{"_acf_changed":false,"_seopress_robots_primary_cat":"","_seopress_titles_title":"","_seopress_titles_desc":"Fabriqu\u00e9es avec notre proc\u00e9d\u00e9 de pointe, nos moulures sont prot\u00e9g\u00e9es par une couche de finition auto-cicatrisante, qui offre la plus grande r\u00e9sistance et durabilit\u00e9 de l&#039;industrie.","_seopress_robots_index":"","_monsterinsights_skip_tracking":false,"_monsterinsights_sitenote_active":false,"_monsterinsights_sitenote_note":"","_monsterinsights_sitenote_category":0,"footnotes":""},"class_list":["post-660","page","type-page","status-publish","hentry"],"acf":[],"_links":{"self":[{"href":"https:\/\/luxwoodtrim.com\/fr\/wp-json\/wp\/v2\/pages\/660","targetHints":{"allow":["GET"]}}],"collection":[{"href":"https:\/\/luxwoodtrim.com\/fr\/wp-json\/wp\/v2\/pages"}],"about":[{"href":"https:\/\/luxwoodtrim.com\/fr\/wp-json\/wp\/v2\/types\/page"}],"author":[{"embeddable":true,"href":"https:\/\/luxwoodtrim.com\/fr\/wp-json\/wp\/v2\/users\/1"}],"replies":[{"embeddable":true,"href":"https:\/\/luxwoodtrim.com\/fr\/wp-json\/wp\/v2\/comments?post=660"}],"version-history":[{"count":2,"href":"https:\/\/luxwoodtrim.com\/fr\/wp-json\/wp\/v2\/pages\/660\/revisions"}],"predecessor-version":[{"id":969,"href":"https:\/\/luxwoodtrim.com\/fr\/wp-json\/wp\/v2\/pages\/660\/revisions\/969"}],"wp:attachment":[{"href":"https:\/\/luxwoodtrim.com\/fr\/wp-json\/wp\/v2\/media?parent=660"}],"curies":[{"name":"wp","href":"https:\/\/api.w.org\/{rel}","templated":true}]}}