{"id":928,"date":"2021-02-05T18:42:10","date_gmt":"2021-02-05T18:42:10","guid":{"rendered":"https:\/\/dev.luxwoodtrim.com\/privacy-policy\/"},"modified":"2023-10-06T15:33:00","modified_gmt":"2023-10-06T19:33:00","slug":"conditions-utilisation","status":"publish","type":"page","link":"https:\/\/luxwoodtrim.com\/fr\/conditions-utilisation\/","title":{"rendered":"Conditions d'utilisation"},"content":{"rendered":"<h1>Propri\u00e9t\u00e9 intellectuelle<\/h1>\n<p>Le site luxwoodtrim.com est la propri\u00e9t\u00e9 de <strong>Luxwood Auto Trim Design Inc<\/strong><\/p>\n<ul>\n<li>Conception du site Internet : <a style=\"color: #fff;\" href=\"http:\/\/www.graphical-media.com\">Graphical<\/a><\/li>\n<li>Responsable de la publication (\u00e9diteur) : Marc-Andr\u00e9 Gerbeau<\/li>\n<\/ul>\n<p>L'acc\u00e8s et l'utilisation du site sont soumis \u00e0 l'acceptation et au respect des pr\u00e9sentes Conditions g\u00e9n\u00e9rales d'utilisation.<\/p>\n<p>&nbsp;<\/p>\n<h2>Conditions g\u00e9n\u00e9rales d\u2019utilisation du site<\/h2>\n<h3>GESTION DU SITE<\/h3>\n<p>Pour la bonne gestion du site, l'\u00e9diteur pourra \u00e0 tout moment :<\/p>\n<ul>\n<li>Suspendre, interrompre ou limiter l'acc\u00e8s \u00e0 tout ou en partie du site, r\u00e9server l'acc\u00e8s au site, ou \u00e0 certaines parties du site, \u00e0 une cat\u00e9gorie d\u00e9termin\u00e9e d'internautes;<\/li>\n<li>Supprimer toute information pouvant en perturber le fonctionnement ou entrant en contravention avec les lois nationales ou internationales, ou avec les r\u00e8gles de la N\u00e9tiquette;<\/li>\n<li>Suspendre le site afin de proc\u00e9der \u00e0 des mises \u00e0 jour.<\/li>\n<\/ul>\n<h3>Limites de responsabilit\u00e9<\/h3>\n<p>Exactitude de l\u2019information<br \/>\nMalgr\u00e9 l\u2019attention que nous portons \u00e0 notre site Web et \u00e0 sa mise \u00e0 jour, des erreurs peuvent s'y glisser. Les renseignements contenus sur le pr\u00e9sent site ont pour objectif de vous fournir de l\u2019information. L\u2019utilisation de ces renseignements n\u2019engage en aucun cas la responsabilit\u00e9 de l'entreprise Luxwood Auto Trim Design Inc<\/p>\n<p><strong>L'utilisateur est responsable :<\/strong><\/p>\n<ul>\n<li>de la protection de son mat\u00e9riel et de ses donn\u00e9es;<\/li>\n<li>de l'utilisation qu'il fait du site ou de ses services;<\/li>\n<\/ul>\n<h3>Liens hypertextes et cookies<\/h3>\n<p>Le site contient des liens hypertextes vers d\u2019autres sites Web. Le propri\u00e9taire du site n\u2019a pas la possibilit\u00e9 de v\u00e9rifier l'\u00e9volution du contenu des sites externes et ne peut donc \u00eatre tenu responsable du contenu desdits liens.<\/p>\n<p>Le site a \u00e9ventuellement recours aux techniques de \"cookies\" lui permettant de traiter des statistiques et des informations sur le trafic, de faciliter la navigation et d'am\u00e9liorer le service pour le confort de l'utilisateur.<\/p>\n<p>Il est possible de s'opposer \u00e0 l'enregistrement de ces \"cookies\" en configurant son logiciel de navigation.<\/p>\n<p>Il est interdit \u00e0 l'utilisateur d'introduire des donn\u00e9es sur le site qui modifieraient ou qui seraient susceptibles d'en modifier le contenu ou l'apparence.<\/p>\n<h3>Renseignements personnels<\/h3>\n<p>Luxwood Auto Trim Design Inc ne recueille ni ne conserve aucun renseignement personnel sur son site Web, sauf ceux fournis de plein gr\u00e9 par le visiteur lui-m\u00eame. Dans certaines circonstances, par exemple lors de l\u2019inscription \u00e0 un bulletin de nouvelles ou \u00e0 la suite d\u2019une demande d\u2019information, Luxwood Auto Trim Design Inc requiert que vous remplissiez un formulaire avec vos informations personnelles tel que votre nom, t\u00e9l\u00e9phone, courriel et\/ou adresse. Ces informations demeurent confidentielles, et, \u00e0 moins d\u2019un avis contraire, aucun renseignement personnel n\u2019est vendu, lou\u00e9, \u00e9chang\u00e9 ni transmis \u00e0 quiconque.<\/p>\n<p>Pour les utilisateurs qui s\u2019enregistrent sur notre site (si cela est possible), nous stockons \u00e9galement les donn\u00e9es personnelles indiqu\u00e9es dans leur profil. Tous les utilisateurs peuvent voir, modifier ou supprimer leurs informations personnelles \u00e0 tout moment (\u00e0 l\u2019exception de leur nom d\u2019utilisateur). Les gestionnaires du site peuvent aussi voir et modifier ces informations.<\/p>\n<p>L\u2019utilisateur peut en tout temps demander de conna\u00eetre, rectifier ou effacer les renseignements personnels d\u00e9tenus sur lui.<\/p>\n<h3>Droits d\u2019auteur<\/h3>\n<p>Le contenu pr\u00e9sent sur le site (textes, photos, graphiques et logos) est la propri\u00e9t\u00e9 de Luxwood Auto Trim Design Inc. Il est strictement interdit de le reproduire, le rediffuser, le transmettre ou de l\u2019utiliser d\u2019une quelconque mani\u00e8re sans avoir tout d\u2019abord re\u00e7u un consentement \u00e9crit de l\u2019entreprise.<\/p>\n<h3>Contact<\/h3>\n<p>Pour toute question ou demande d'information concernant le site, ou tout signalement de contenu illicite ou erron\u00e9, l'utilisateur peut contacter le responsable du site Web via le formulaire sur la page contact.<\/p>\n<h5>Types de cookies utilis\u00e9s<\/h5>\n<div class=\"cky-audit-table-element\"><\/div>\n<\/p><\/div>\n<p>&nbsp;<\/p>\n","protected":false},"excerpt":{"rendered":"<p>Propri\u00e9t\u00e9 intellectuelle Le site luxwoodtrim.com est la propri\u00e9t\u00e9 de Luxwood Auto Trim Design Inc Conception du site Internet : Graphical [&hellip;]<\/p>\n","protected":false},"author":1,"featured_media":0,"parent":0,"menu_order":0,"comment_status":"closed","ping_status":"open","template":"","meta":{"_acf_changed":false,"_seopress_robots_primary_cat":"","_seopress_titles_title":"","_seopress_titles_desc":"","_seopress_robots_index":"","_monsterinsights_skip_tracking":false,"_monsterinsights_sitenote_active":false,"_monsterinsights_sitenote_note":"","_monsterinsights_sitenote_category":0,"footnotes":""},"class_list":["post-928","page","type-page","status-publish","hentry"],"acf":[],"_links":{"self":[{"href":"https:\/\/luxwoodtrim.com\/fr\/wp-json\/wp\/v2\/pages\/928","targetHints":{"allow":["GET"]}}],"collection":[{"href":"https:\/\/luxwoodtrim.com\/fr\/wp-json\/wp\/v2\/pages"}],"about":[{"href":"https:\/\/luxwoodtrim.com\/fr\/wp-json\/wp\/v2\/types\/page"}],"author":[{"embeddable":true,"href":"https:\/\/luxwoodtrim.com\/fr\/wp-json\/wp\/v2\/users\/1"}],"replies":[{"embeddable":true,"href":"https:\/\/luxwoodtrim.com\/fr\/wp-json\/wp\/v2\/comments?post=928"}],"version-history":[{"count":5,"href":"https:\/\/luxwoodtrim.com\/fr\/wp-json\/wp\/v2\/pages\/928\/revisions"}],"predecessor-version":[{"id":1047,"href":"https:\/\/luxwoodtrim.com\/fr\/wp-json\/wp\/v2\/pages\/928\/revisions\/1047"}],"wp:attachment":[{"href":"https:\/\/luxwoodtrim.com\/fr\/wp-json\/wp\/v2\/media?parent=928"}],"curies":[{"name":"wp","href":"https:\/\/api.w.org\/{rel}","templated":true}]}}